{"id":8,"date":"2020-06-22T05:56:55","date_gmt":"2020-06-22T05:56:55","guid":{"rendered":"http:\/\/fakler.es\/parisviii\/?page_id=8"},"modified":"2020-06-27T18:24:56","modified_gmt":"2020-06-27T18:24:56","slug":"die-ersten-jahre","status":"publish","type":"page","link":"https:\/\/fakler.es\/parisviii\/die-ersten-jahre\/","title":{"rendered":"Die ersten Jahre"},"content":{"rendered":"\n<p>Ich war ja noch nie zuvor auf einer Uni, und da ich nicht so gut Franz\u00f6sisch kannte habe ich mehr Spanisch studiert. <\/p>\n\n\n\n<p>Da waren die Einf\u00fchrungskurse (Spanien \/ Lateinamerika) aber auch andere schon wesentlich schwieriger. Camus, L exil et le Royaume und der lateinamerikanische Roman. Ich habe dabei Rayuela von Julio Cort\u00e1zar ganz gelesen, ein Riesenw\u00e4lzer. Ich habe den Autor im \u00fcbrigen sogar mal im Centre Pompidou, als er f\u00fcr Amnesty International B\u00fccher signierte, getroffen.<\/p>\n\n\n\n<p><\/p>\n","protected":false},"excerpt":{"rendered":"<p>Ich war ja noch nie zuvor auf einer Uni, und da ich nicht so gut Franz\u00f6sisch kannte habe ich mehr Spanisch studiert. Da waren die Einf\u00fchrungskurse (Spanien \/ Lateinamerika) aber auch andere schon wesentlich schwieriger. Camus, L exil et le Royaume und der lateinamerikanische Roman. Ich habe dabei Rayuela von Julio Cort\u00e1zar ganz gelesen, ein [&hellip;]<\/p>\n","protected":false},"author":1,"featured_media":0,"parent":0,"menu_order":0,"comment_status":"closed","ping_status":"closed","template":"","meta":[],"_links":{"self":[{"href":"https:\/\/fakler.es\/parisviii\/wp-json\/wp\/v2\/pages\/8"}],"collection":[{"href":"https:\/\/fakler.es\/parisviii\/wp-json\/wp\/v2\/pages"}],"about":[{"href":"https:\/\/fakler.es\/parisviii\/wp-json\/wp\/v2\/types\/page"}],"author":[{"embeddable":true,"href":"https:\/\/fakler.es\/parisviii\/wp-json\/wp\/v2\/users\/1"}],"replies":[{"embeddable":true,"href":"https:\/\/fakler.es\/parisviii\/wp-json\/wp\/v2\/comments?post=8"}],"version-history":[{"count":3,"href":"https:\/\/fakler.es\/parisviii\/wp-json\/wp\/v2\/pages\/8\/revisions"}],"predecessor-version":[{"id":37,"href":"https:\/\/fakler.es\/parisviii\/wp-json\/wp\/v2\/pages\/8\/revisions\/37"}],"wp:attachment":[{"href":"https:\/\/fakler.es\/parisviii\/wp-json\/wp\/v2\/media?parent=8"}],"curies":[{"name":"wp","href":"https:\/\/api.w.org\/{rel}","templated":true}]}}